{"id":14,"date":"2020-11-30T18:08:33","date_gmt":"2020-11-30T18:08:33","guid":{"rendered":"https:\/\/fitnow.app\/blog\/?page_id=14"},"modified":"2020-11-30T18:20:54","modified_gmt":"2020-11-30T18:20:54","slug":"inicio","status":"publish","type":"page","link":"https:\/\/fitnow.app\/blog\/","title":{"rendered":"Inicio"},"content":{"rendered":"\n<p>La vida es un proceso y muchas veces necesitamos ayuda. FitNow intenta ayudar a llevar un control de nuestra dieta, pero no \u00fanicamente como lo que comemos si no con el enfoque que ten\u00eda en griego la palabra, r\u00e9gimen de vida. Al final nuestras vidas son un reloj donde todo est\u00e1 relacionado e interact\u00faa y por tanto , es el conjunto de nuestros h\u00e1bitos lo que nos lleva al bienestar.<\/p>\n","protected":false},"excerpt":{"rendered":"<p>La vida es un proceso y muchas veces necesitamos ayuda. FitNow intenta ayudar a llevar un control de nuestra dieta, pero no \u00fanicamente como lo que comemos si no con el enfoque que ten\u00eda en griego la palabra, r\u00e9gimen de vida. Al final nuestras vidas son un reloj donde todo est\u00e1 relacionado e interact\u00faa y &hellip; <\/p>\n<p class=\"link-more\"><a href=\"https:\/\/fitnow.app\/blog\/\" class=\"more-link\">Continuar leyendo<span class=\"screen-reader-text\"> \u00abInicio\u00bb<\/span><\/a><\/p>\n","protected":false},"author":1,"featured_media":0,"parent":0,"menu_order":0,"comment_status":"closed","ping_status":"closed","template":"","meta":{"_monsterinsights_skip_tracking":false,"_monsterinsights_sitenote_active":false,"_monsterinsights_sitenote_note":"","_monsterinsights_sitenote_category":0,"_uf_show_specific_survey":0,"_uf_disable_surveys":false,"footnotes":""},"class_list":["post-14","page","type-page","status-publish","hentry"],"aioseo_notices":[],"_links":{"self":[{"href":"https:\/\/fitnow.app\/blog\/wp-json\/wp\/v2\/pages\/14","targetHints":{"allow":["GET"]}}],"collection":[{"href":"https:\/\/fitnow.app\/blog\/wp-json\/wp\/v2\/pages"}],"about":[{"href":"https:\/\/fitnow.app\/blog\/wp-json\/wp\/v2\/types\/page"}],"author":[{"embeddable":true,"href":"https:\/\/fitnow.app\/blog\/wp-json\/wp\/v2\/users\/1"}],"replies":[{"embeddable":true,"href":"https:\/\/fitnow.app\/blog\/wp-json\/wp\/v2\/comments?post=14"}],"version-history":[{"count":2,"href":"https:\/\/fitnow.app\/blog\/wp-json\/wp\/v2\/pages\/14\/revisions"}],"predecessor-version":[{"id":39,"href":"https:\/\/fitnow.app\/blog\/wp-json\/wp\/v2\/pages\/14\/revisions\/39"}],"wp:attachment":[{"href":"https:\/\/fitnow.app\/blog\/wp-json\/wp\/v2\/media?parent=14"}],"curies":[{"name":"wp","href":"https:\/\/api.w.org\/{rel}","templated":true}]}}